{"id":88,"date":"2023-09-11T19:25:30","date_gmt":"2023-09-11T19:25:30","guid":{"rendered":"https:\/\/inspiremedia.space\/?page_id=88"},"modified":"2023-09-24T15:57:21","modified_gmt":"2023-09-24T15:57:21","slug":"services","status":"publish","type":"page","link":"https:\/\/inspiremedia.business\/es\/services\/","title":{"rendered":"Services Es"},"content":{"rendered":"\n<div class=\"wp-block-uagb-container uagb-block-57e95d93 alignfull uagb-is-root-container\"><div class=\"uagb-container-inner-blocks-wrap\">\n<div class=\"wp-block-uagb-info-box uagb-block-a7970cb2 uagb-infobox__content-wrap  uagb-infobox-icon-above-title uagb-infobox-image-valign-top\"><div class=\"uagb-ifb-content\"><div class=\"uagb-ifb-separator\"><\/div><div class=\"uagb-ifb-title-wrap\"><h1 class=\"uagb-ifb-title\">Contenido elaborado a su manera<\/h1><\/div><\/div><\/div>\n<\/div><\/div>\n\n\n\n<div class=\"wp-block-uagb-container uagb-block-a353a3e8 alignfull uagb-is-root-container\"><div class=\"uagb-container-inner-blocks-wrap\">\n<h2 class=\"wp-block-heading has-text-align-center\">Qu\u00e9 ofrece InspireMedia<\/h2>\n<\/div><\/div>\n\n\n\n<div data-aos= \"fade\" data-aos-duration=\"400\" data-aos-delay=\"0\" data-aos-easing=\"ease\" data-aos-once=\"true\" class=\"wp-block-uagb-container uagb-block-83a35d8e alignfull uagb-is-root-container\">\n<div class=\"wp-block-uagb-container uagb-block-ffd4fc4f\">\n<div data-aos= \"zoom-in\" data-aos-duration=\"400\" data-aos-delay=\"0\" data-aos-easing=\"ease\" data-aos-once=\"true\" class=\"wp-block-uagb-advanced-heading uagb-block-73c9f659\"><h4 class=\"uagb-heading-text\">Contenido para blogs<\/h4><p class=\"uagb-desc-text\">Nuestros redactores trabajan especialmente para satisfacer las necesidades de cada cliente: desde un art\u00edculo que explique c\u00f3mo ahorrar para retirarse hasta una serie de entradas de blog que comparen Ubuntu y Windows, ellos lo crear\u00e1n para ti. La experiencia en investigaci\u00f3n y redacci\u00f3n de nuestro equipo garantiza blogs con informaci\u00f3n completa y precisa as\u00ed, tu empresa no solo retendr\u00e1 a los clientes que ya tiene, sino que seguramente generar\u00e1 nuevos.<\/p><\/div>\n\n\n\n<div class=\"wp-block-uagb-buttons uagb-buttons__outer-wrap uagb-btn__default-btn uagb-btn-tablet__default-btn uagb-btn-mobile__default-btn uagb-block-104e6e4b\"><div class=\"uagb-buttons__wrap uagb-buttons-layout-wrap\">\n<div class=\"wp-block-uagb-buttons-child uagb-buttons__outer-wrap uagb-block-96fd28e8 wp-block-button\"><div class=\"uagb-button__wrapper\"><a class=\"uagb-buttons-repeater wp-block-button__link\" href=\"https:\/\/inspiremedia.business\/contact-us.html\" onclick=\"return true;\" rel=\"follow noopener\" target=\"_blank\"><div class=\"uagb-button__link\">Get In Touch<\/div><\/a><\/div><\/div>\n<\/div><\/div>\n<\/div>\n\n\n\n<div class=\"wp-block-uagb-container uagb-block-22a12f3b\">\n<div class=\"wp-block-uagb-advanced-heading uagb-block-92089604\"><h4 class=\"uagb-heading-text\">Contenido web<\/h4><p class=\"uagb-desc-text\">Una de las maneras m\u00e1s importantes de demostrar que tu negocio es confiable es a trav\u00e9s del contenido web de calidad. Hazles saber a quienes visitan tu sitio que sabes de lo que hablas, y aumenta as\u00ed las posibilidades de conversi\u00f3n.<\/p><\/div>\n\n\n\n<div class=\"wp-block-uagb-buttons uagb-buttons__outer-wrap uagb-btn__default-btn uagb-btn-tablet__default-btn uagb-btn-mobile__default-btn uagb-block-e2543bc4\"><div class=\"uagb-buttons__wrap uagb-buttons-layout-wrap\">\n<div class=\"wp-block-uagb-buttons-child uagb-buttons__outer-wrap uagb-block-0e679f26 wp-block-button\"><div class=\"uagb-button__wrapper\"><a class=\"uagb-buttons-repeater wp-block-button__link\" href=\"https:\/\/inspiremedia.business\/contact-us.html\" onclick=\"return true;\" rel=\"follow noopener\" target=\"_blank\"><div class=\"uagb-button__link\">Get In Touch<\/div><\/a><\/div><\/div>\n<\/div><\/div>\n<\/div>\n\n\n\n<div class=\"wp-block-uagb-container uagb-block-4689aac0\">\n<div class=\"wp-block-uagb-advanced-heading uagb-block-b2add947\"><h4 class=\"uagb-heading-text\">Service Pages\u200b<\/h4><p class=\"uagb-desc-text\">Una audiencia informada sabr\u00e1 c\u00f3mo aprovechar al m\u00e1ximo los servicios que tienes para ofrecerle. Los white papers, o libros blancos, proveen informaci\u00f3n completa y en profundidad acerca de un tema espec\u00edfico, a la vez que presentan un problema y luego, su resoluci\u00f3n. Pero no es necesario que hagas toda esa investigaci\u00f3n t\u00fa mismo: d\u00e9janoslo a nosotros. Te entregaremos un reporte claro y conciso que, sin dudas, generar\u00e1 admiraci\u00f3n.<\/p><\/div>\n\n\n\n<div class=\"wp-block-uagb-buttons uagb-buttons__outer-wrap uagb-btn__default-btn uagb-btn-tablet__default-btn uagb-btn-mobile__default-btn uagb-block-5ab29fd0\"><div class=\"uagb-buttons__wrap uagb-buttons-layout-wrap\">\n<div class=\"wp-block-uagb-buttons-child uagb-buttons__outer-wrap uagb-block-edfcda08 wp-block-button\"><div class=\"uagb-button__wrapper\"><a class=\"uagb-buttons-repeater wp-block-button__link\" href=\"https:\/\/inspiremedia.business\/contact-us.html\" onclick=\"return true;\" rel=\"follow noopener\" target=\"_blank\"><div class=\"uagb-button__link\">Get In Touch<\/div><\/a><\/div><\/div>\n<\/div><\/div>\n<\/div>\n<\/div>\n\n\n\n<div class=\"wp-block-uagb-container uagb-block-4dd51184 alignfull uagb-is-root-container\">\n<div class=\"wp-block-uagb-container uagb-block-828ef15e\">\n<div class=\"wp-block-uagb-advanced-heading uagb-block-0a83758b\"><h4 class=\"uagb-heading-text\">Documentos para usuarios<\/h4><p class=\"uagb-desc-text\">Contar con gu\u00edas de producto y documentaci\u00f3n para usuarios claras les har\u00e1 la vida m\u00e1s f\u00e1cil a ti, a tus empleados y a tus clientes. Cuando tus productos y servicios son f\u00e1ciles de entender, el \u00e1rea de atenci\u00f3n al cliente puede enfocarse en temas m\u00e1s importantes, y los usuarios se sienten m\u00e1s seguros.<\/p><\/div>\n\n\n\n<div class=\"wp-block-uagb-buttons uagb-buttons__outer-wrap uagb-btn__default-btn uagb-btn-tablet__default-btn uagb-btn-mobile__default-btn uagb-block-925bf4fe\"><div class=\"uagb-buttons__wrap uagb-buttons-layout-wrap\">\n<div class=\"wp-block-uagb-buttons-child uagb-buttons__outer-wrap uagb-block-566f02e8 wp-block-button\"><div class=\"uagb-button__wrapper\"><a class=\"uagb-buttons-repeater wp-block-button__link\" href=\"https:\/\/inspiremedia.business\/contact-us.html\" onclick=\"return true;\" rel=\"follow noopener\" target=\"_blank\"><div class=\"uagb-button__link\">Get In Touch<\/div><\/a><\/div><\/div>\n<\/div><\/div>\n<\/div>\n\n\n\n<div class=\"wp-block-uagb-container uagb-block-7a0ba8db\">\n<div class=\"wp-block-uagb-advanced-heading uagb-block-626e38b5\"><h4 class=\"uagb-heading-text\">Newsletters<\/h4><p class=\"uagb-desc-text\">Los boletines informativos no solo comunican a los clientes (\u00a1y potenciales clientes!) las promociones y productos nuevos que se vienen: tambi\u00e9n son una excelente manera de que el nombre de tu empresa circule. Los newsletters son f\u00e1ciles de compartir entre los usuarios y sus contactos, lo que puede permitirte incrementar tus ganancias a largo plazo.<\/p><\/div>\n\n\n\n<div class=\"wp-block-uagb-buttons uagb-buttons__outer-wrap uagb-btn__default-btn uagb-btn-tablet__default-btn uagb-btn-mobile__default-btn uagb-block-9dc1cfdd\"><div class=\"uagb-buttons__wrap uagb-buttons-layout-wrap\">\n<div class=\"wp-block-uagb-buttons-child uagb-buttons__outer-wrap uagb-block-fa6123bd wp-block-button\"><div class=\"uagb-button__wrapper\"><a class=\"uagb-buttons-repeater wp-block-button__link\" href=\"https:\/\/inspiremedia.business\/contact-us.html\" onclick=\"return true;\" rel=\"follow noopener\" target=\"_blank\"><div class=\"uagb-button__link\">Get In Touch<\/div><\/a><\/div><\/div>\n<\/div><\/div>\n<\/div>\n\n\n\n<div class=\"wp-block-uagb-container uagb-block-1212a049\">\n<div class=\"wp-block-uagb-advanced-heading uagb-block-d9e249e7\"><h4 class=\"uagb-heading-text\">An\u00e1lisis de marketing<\/h4><p class=\"uagb-desc-text\">A veces es \u00fatil incorporar a tus consideraciones un punto de vista externo el marketing no es la excepci\u00f3n. Ya sea que reci\u00e9n est\u00e9s empezando o, simplemente, est\u00e9s buscando un impulso, InspireMedia puede darte informaci\u00f3n \u00fanica y personalizada acerca de qu\u00e9 \u00e1reas pueden mejorarse y c\u00f3mo.<\/p><\/div>\n\n\n\n<div class=\"wp-block-uagb-buttons uagb-buttons__outer-wrap uagb-btn__default-btn uagb-btn-tablet__default-btn uagb-btn-mobile__default-btn uagb-block-c1ee0742\"><div class=\"uagb-buttons__wrap uagb-buttons-layout-wrap\">\n<div class=\"wp-block-uagb-buttons-child uagb-buttons__outer-wrap uagb-block-aa6c47de wp-block-button\"><div class=\"uagb-button__wrapper\"><a class=\"uagb-buttons-repeater wp-block-button__link\" href=\"https:\/\/inspiremedia.business\/contact-us.html\" onclick=\"return true;\" rel=\"follow noopener\" target=\"_blank\"><div class=\"uagb-button__link\">Get In Touch<\/div><\/a><\/div><\/div>\n<\/div><\/div>\n<\/div>\n<\/div>\n\n\n\n<div class=\"wp-block-uagb-container uagb-block-523cbabd alignfull uagb-is-root-container\"><div class=\"uagb-container-inner-blocks-wrap\">\n<div class=\"wp-block-uagb-container uagb-block-0b430780\">\n<div class=\"wp-block-uagb-container uagb-block-4305e620\">\n<div class=\"wp-block-uagb-info-box uagb-block-46a8f085 uagb-infobox__content-wrap  uagb-infobox-icon-above-title uagb-infobox-image-valign-top\"><div class=\"uagb-ifb-content\"><div class=\"uagb-ifb-title-wrap\"><h3 class=\"uagb-ifb-title\">Crea contenidos a tu manera<\/h3><\/div><p class=\"uagb-ifb-desc\">Podemos hacer realidad su visi\u00f3n, ampliar su producci\u00f3n de contenidos y elevar su marca con mensajes que reflejen los valores de su empresa y atraigan a su p\u00fablico objetivo. Ponte en contacto con nosotros hoy mismo si buscas contenidos que impulsen el tr\u00e1fico org\u00e1nico y la clasificaci\u00f3n.<\/p><\/div><\/div>\n\n\n\n<div class=\"wp-block-uagb-buttons uagb-buttons__outer-wrap uagb-btn__default-btn uagb-btn-tablet__default-btn uagb-btn-mobile__default-btn uagb-block-4e5f8965\"><div class=\"uagb-buttons__wrap uagb-buttons-layout-wrap\">\n<div class=\"wp-block-uagb-buttons-child uagb-buttons__outer-wrap uagb-block-863fb5c9 wp-block-button\"><div class=\"uagb-button__wrapper\"><a class=\"uagb-buttons-repeater wp-block-button__link\" href=\"https:\/\/inspiremedia.business\/contact-us.html\" onclick=\"return true;\" rel=\"follow noopener\" target=\"_blank\"><div class=\"uagb-button__link\">Connect With Us!<\/div><\/a><\/div><\/div>\n<\/div><\/div>\n<\/div>\n\n\n\n<div class=\"wp-block-uagb-container uagb-block-a8907fc8\">\n<div class=\"wp-block-uagb-image alignright uagb-block-3b909039 wp-block-uagb-image--layout-default wp-block-uagb-image--effect-static wp-block-uagb-image--align-right\"><figure class=\"wp-block-uagb-image__figure\"><img data-recalc-dims=\"1\" decoding=\"async\"  sizes=\"auto, (max-width: 480px) 150px\" src=\"https:\/\/i0.wp.com\/inspiremedia.business\/wp-content\/uploads\/2023\/06\/jud-mackrill-Of_m3hMsoAA-unsplash.jpg?resize=1024%2C683&#038;ssl=1\" alt=\"\" width=\"1024\" height=\"683\" title=\"\" loading=\"lazy\"\/><\/figure><\/div>\n<\/div>\n<\/div>\n<\/div><\/div>\n","protected":false},"excerpt":{"rendered":"<p>Qu\u00e9 ofrece InspireMedia Contenido para blogs Nuestros redactores trabajan especialmente para satisfacer las necesidades de cada cliente: desde un art\u00edculo que explique c\u00f3mo ahorrar para retirarse hasta una serie de entradas de blog que comparen Ubuntu y Windows, ellos lo crear\u00e1n para ti. La experiencia en investigaci\u00f3n y redacci\u00f3n de nuestro equipo garantiza blogs con [&hellip;]<\/p>\n","protected":false},"author":1,"featured_media":0,"parent":0,"menu_order":0,"comment_status":"closed","ping_status":"closed","template":"","meta":{"nf_dc_page":"","om_disable_all_campaigns":false,"_uag_custom_page_level_css":"","_swt_meta_header_display":false,"_swt_meta_footer_display":false,"_swt_meta_site_title_display":false,"_swt_meta_sticky_header":false,"_swt_meta_transparent_header":false,"footnotes":""},"class_list":["post-88","page","type-page","status-publish","hentry"],"translation":{"provider":"WPGlobus","version":"3.0.2","language":"es","enabled_languages":["en","es"],"languages":{"en":{"title":true,"content":true,"excerpt":false},"es":{"title":true,"content":true,"excerpt":false}}},"yoast_head":"<!-- This site is optimized with the Yoast SEO plugin v27.4 - https:\/\/yoast.com\/product\/yoast-seo-wordpress\/ -->\n<title>Services Es - InspireMedia<\/title>\n<meta name=\"robots\" content=\"index, follow, max-snippet:-1, max-image-preview:large, max-video-preview:-1\" \/>\n<link rel=\"canonical\" href=\"https:\/\/inspiremedia.business\/services\/\" \/>\n<meta property=\"og:locale\" content=\"es_ES\" \/>\n<meta property=\"og:type\" content=\"article\" \/>\n<meta property=\"og:title\" content=\"Services Es - InspireMedia\" \/>\n<meta property=\"og:url\" content=\"https:\/\/inspiremedia.business\/services\/\" \/>\n<meta property=\"og:site_name\" content=\"InspireMedia\" \/>\n<meta property=\"article:modified_time\" content=\"2023-09-24T15:57:21+00:00\" \/>\n<meta property=\"og:image\" content=\"https:\/\/inspiremedia.business\/wp-content\/uploads\/2023\/06\/jud-mackrill-Of_m3hMsoAA-unsplash-1024x683.jpg\" \/>\n<meta name=\"twitter:card\" content=\"summary_large_image\" \/>\n<meta name=\"twitter:label1\" content=\"Est. reading time\" \/>\n\t<meta name=\"twitter:data1\" content=\"2 minutes\" \/>\n<script type=\"application\/ld+json\" class=\"yoast-schema-graph\">{\"@context\":\"https:\\\/\\\/schema.org\",\"@graph\":[{\"@type\":\"WebPage\",\"@id\":\"https:\\\/\\\/inspiremedia.business\\\/services\\\/\",\"url\":\"https:\\\/\\\/inspiremedia.business\\\/services\\\/\",\"name\":\"Services Es - InspireMedia\",\"isPartOf\":{\"@id\":\"http:\\\/\\\/inspiremedia.business\\\/#website\"},\"primaryImageOfPage\":{\"@id\":\"https:\\\/\\\/inspiremedia.business\\\/services\\\/#primaryimage\"},\"image\":{\"@id\":\"https:\\\/\\\/inspiremedia.business\\\/services\\\/#primaryimage\"},\"thumbnailUrl\":\"https:\\\/\\\/inspiremedia.business\\\/wp-content\\\/uploads\\\/2023\\\/06\\\/jud-mackrill-Of_m3hMsoAA-unsplash-1024x683.jpg\",\"datePublished\":\"2023-09-11T19:25:30+00:00\",\"dateModified\":\"2023-09-24T15:57:21+00:00\",\"breadcrumb\":{\"@id\":\"https:\\\/\\\/inspiremedia.business\\\/services\\\/#breadcrumb\"},\"inLanguage\":\"es-ES\",\"potentialAction\":[{\"@type\":\"ReadAction\",\"target\":[\"https:\\\/\\\/inspiremedia.business\\\/services\\\/\"]}]},{\"@type\":\"ImageObject\",\"inLanguage\":\"es-ES\",\"@id\":\"https:\\\/\\\/inspiremedia.business\\\/services\\\/#primaryimage\",\"url\":\"https:\\\/\\\/inspiremedia.business\\\/wp-content\\\/uploads\\\/2023\\\/06\\\/jud-mackrill-Of_m3hMsoAA-unsplash-1024x683.jpg\",\"contentUrl\":\"https:\\\/\\\/inspiremedia.business\\\/wp-content\\\/uploads\\\/2023\\\/06\\\/jud-mackrill-Of_m3hMsoAA-unsplash-1024x683.jpg\"},{\"@type\":\"BreadcrumbList\",\"@id\":\"https:\\\/\\\/inspiremedia.business\\\/services\\\/#breadcrumb\",\"itemListElement\":[{\"@type\":\"ListItem\",\"position\":1,\"name\":\"Home\",\"item\":\"http:\\\/\\\/inspiremedia.business\\\/\"},{\"@type\":\"ListItem\",\"position\":2,\"name\":\"Services\"}]},{\"@type\":\"WebSite\",\"@id\":\"http:\\\/\\\/inspiremedia.business\\\/#website\",\"url\":\"http:\\\/\\\/inspiremedia.business\\\/\",\"name\":\"InspireMedia\",\"description\":\"\",\"potentialAction\":[{\"@type\":\"SearchAction\",\"target\":{\"@type\":\"EntryPoint\",\"urlTemplate\":\"http:\\\/\\\/inspiremedia.business\\\/?s={search_term_string}\"},\"query-input\":{\"@type\":\"PropertyValueSpecification\",\"valueRequired\":true,\"valueName\":\"search_term_string\"}}],\"inLanguage\":\"es-ES\"}]}<\/script>\n<!-- \/ Yoast SEO plugin. -->","yoast_head_json":{"title":"Services Es - InspireMedia","robots":{"index":"index","follow":"follow","max-snippet":"max-snippet:-1","max-image-preview":"max-image-preview:large","max-video-preview":"max-video-preview:-1"},"canonical":"https:\/\/inspiremedia.business\/services\/","og_locale":"es_ES","og_type":"article","og_title":"Services Es - InspireMedia","og_url":"https:\/\/inspiremedia.business\/services\/","og_site_name":"InspireMedia","article_modified_time":"2023-09-24T15:57:21+00:00","og_image":[{"url":"https:\/\/inspiremedia.business\/wp-content\/uploads\/2023\/06\/jud-mackrill-Of_m3hMsoAA-unsplash-1024x683.jpg","type":"","width":"","height":""}],"twitter_card":"summary_large_image","twitter_misc":{"Est. reading time":"2 minutes"},"schema":{"@context":"https:\/\/schema.org","@graph":[{"@type":"WebPage","@id":"https:\/\/inspiremedia.business\/services\/","url":"https:\/\/inspiremedia.business\/services\/","name":"Services Es - InspireMedia","isPartOf":{"@id":"http:\/\/inspiremedia.business\/#website"},"primaryImageOfPage":{"@id":"https:\/\/inspiremedia.business\/services\/#primaryimage"},"image":{"@id":"https:\/\/inspiremedia.business\/services\/#primaryimage"},"thumbnailUrl":"https:\/\/inspiremedia.business\/wp-content\/uploads\/2023\/06\/jud-mackrill-Of_m3hMsoAA-unsplash-1024x683.jpg","datePublished":"2023-09-11T19:25:30+00:00","dateModified":"2023-09-24T15:57:21+00:00","breadcrumb":{"@id":"https:\/\/inspiremedia.business\/services\/#breadcrumb"},"inLanguage":"es-ES","potentialAction":[{"@type":"ReadAction","target":["https:\/\/inspiremedia.business\/services\/"]}]},{"@type":"ImageObject","inLanguage":"es-ES","@id":"https:\/\/inspiremedia.business\/services\/#primaryimage","url":"https:\/\/inspiremedia.business\/wp-content\/uploads\/2023\/06\/jud-mackrill-Of_m3hMsoAA-unsplash-1024x683.jpg","contentUrl":"https:\/\/inspiremedia.business\/wp-content\/uploads\/2023\/06\/jud-mackrill-Of_m3hMsoAA-unsplash-1024x683.jpg"},{"@type":"BreadcrumbList","@id":"https:\/\/inspiremedia.business\/services\/#breadcrumb","itemListElement":[{"@type":"ListItem","position":1,"name":"Home","item":"http:\/\/inspiremedia.business\/"},{"@type":"ListItem","position":2,"name":"Services"}]},{"@type":"WebSite","@id":"http:\/\/inspiremedia.business\/#website","url":"http:\/\/inspiremedia.business\/","name":"InspireMedia","description":"","potentialAction":[{"@type":"SearchAction","target":{"@type":"EntryPoint","urlTemplate":"http:\/\/inspiremedia.business\/?s={search_term_string}"},"query-input":{"@type":"PropertyValueSpecification","valueRequired":true,"valueName":"search_term_string"}}],"inLanguage":"es-ES"}]}},"uagb_featured_image_src":{"full":false,"thumbnail":false,"medium":false,"medium_large":false,"large":false,"1536x1536":false,"2048x2048":false},"uagb_author_info":{"display_name":"Joel","author_link":"https:\/\/inspiremedia.business\/es\/author\/admin\/"},"uagb_comment_info":0,"uagb_excerpt":"Qu\u00e9 ofrece InspireMedia Contenido para blogs Nuestros redactores trabajan especialmente para satisfacer las necesidades de cada cliente: desde un art\u00edculo que explique c\u00f3mo ahorrar para retirarse hasta una serie de entradas de blog que comparen Ubuntu y Windows, ellos lo crear\u00e1n para ti. La experiencia en investigaci\u00f3n y redacci\u00f3n de nuestro equipo garantiza blogs con&hellip;","jetpack_sharing_enabled":true,"_links":{"self":[{"href":"https:\/\/inspiremedia.business\/es\/wp-json\/wp\/v2\/pages\/88","targetHints":{"allow":["GET"]}}],"collection":[{"href":"https:\/\/inspiremedia.business\/es\/wp-json\/wp\/v2\/pages"}],"about":[{"href":"https:\/\/inspiremedia.business\/es\/wp-json\/wp\/v2\/types\/page"}],"author":[{"embeddable":true,"href":"https:\/\/inspiremedia.business\/es\/wp-json\/wp\/v2\/users\/1"}],"replies":[{"embeddable":true,"href":"https:\/\/inspiremedia.business\/es\/wp-json\/wp\/v2\/comments?post=88"}],"version-history":[{"count":12,"href":"https:\/\/inspiremedia.business\/es\/wp-json\/wp\/v2\/pages\/88\/revisions"}],"predecessor-version":[{"id":851,"href":"https:\/\/inspiremedia.business\/es\/wp-json\/wp\/v2\/pages\/88\/revisions\/851"}],"wp:attachment":[{"href":"https:\/\/inspiremedia.business\/es\/wp-json\/wp\/v2\/media?parent=88"}],"curies":[{"name":"wp","href":"https:\/\/api.w.org\/{rel}","templated":true}]}}